{"id":461,"date":"2025-04-14T10:19:39","date_gmt":"2025-04-14T08:19:39","guid":{"rendered":"https:\/\/escert.upc.edu\/quienes-somos\/que-es-escert\/"},"modified":"2025-06-17T11:25:26","modified_gmt":"2025-06-17T09:25:26","slug":"que-es-escert","status":"publish","type":"page","link":"https:\/\/escert.upc.edu\/es\/quienes-somos\/que-es-escert\/","title":{"rendered":"\u00bfQu\u00e9 es esCERT?"},"content":{"rendered":"\t\t<div data-elementor-type=\"wp-page\" data-elementor-id=\"461\" class=\"elementor elementor-461 elementor-50\" data-elementor-post-type=\"page\">\n\t\t\t\t<div class=\"elementor-element elementor-element-cf6b817 e-flex e-con-boxed e-con e-parent\" data-id=\"cf6b817\" data-element_type=\"container\" data-e-type=\"container\" data-settings=\"{&quot;background_background&quot;:&quot;classic&quot;}\">\n\t\t\t\t\t<div class=\"e-con-inner\">\n\t\t\t\t<div class=\"elementor-element elementor-element-3cd277e elementor-widget elementor-widget-heading\" data-id=\"3cd277e\" data-element_type=\"widget\" data-e-type=\"widget\" data-widget_type=\"heading.default\">\n\t\t\t\t\t<h1 class=\"elementor-heading-title elementor-size-default\">\u00bfQu\u00e9 es esCERT?<\/h1>\t\t\t\t<\/div>\n\t\t\t\t\t<\/div>\n\t\t\t\t<\/div>\n\t\t<div class=\"elementor-element elementor-element-354ca92 e-flex e-con-boxed e-con e-parent\" data-id=\"354ca92\" data-element_type=\"container\" data-e-type=\"container\">\n\t\t\t\t\t<div class=\"e-con-inner\">\n\t\t\t\t<div class=\"elementor-element elementor-element-9443e3a elementor-widget elementor-widget-text-editor\" data-id=\"9443e3a\" data-element_type=\"widget\" data-e-type=\"widget\" data-widget_type=\"text-editor.default\">\n\t\t\t\t\t\t\t\t\t<div class=\"field field-name-body field-type-text-with-summary field-label-hidden\"><div class=\"field-items\"><div class=\"field-item even\"><p>A principios de la d\u00e9cada de los noventa surge en Europa una iniciativa dispuesta a crear Equipos de Respuestas a Incidentes de Seguridad en Ordenadores. Gracias al apoyo del programa t\u00e9cnico TERENA se empiezan a crear CSIRT europeos, es entonces cuando se crea, concretamente a finales de 1994, esCERT-UPC (Equipo de Seguridad para la Coordinaci\u00f3n de Emergencias en Redes Telem\u00e1ticas) como primer centro espa\u00f1ol dedicado a asesorar, prevenir y resolver incidencias de seguridad en entornos telem\u00e1ticos. En junio del 2013, esCERT-UPC se incorpora a <a href=\"http:\/\/inlab.fib.upc.edu\/es\" target=\"_blank\" rel=\"noopener\">inLab-FIB <\/a>formando parte del \u00e1rea de especializaci\u00f3n de Seguridad en Infraestructuras TIC aportando todo su conocimiento y experiencia en el \u00e1mbito de la Seguridad Inform\u00e1tica.<\/p><p><strong>esCERT-UPC<\/strong> ayuda y asesora en temas de seguridad inform\u00e1tica y gesti\u00f3n de incidentes en redes telem\u00e1ticas. Los principales objetivos de nuestra organizaci\u00f3n son:<\/p><ul><li>Informar sobre vulnerabilidades de seguridad y amenazas.<\/li><li>Divulgar y poner a disposici\u00f3n de la comunidad informaci\u00f3n que permita prevenir y resolver incidentes de seguridad.<\/li><li>Realizar investigaciones relacionadas con la seguridad inform\u00e1tica.<\/li><li>Educar a la comunidad en general sobre temas de seguridad.<\/li><\/ul><p>De esta forma esCERT pretende mejorar la seguridad de los sistemas inform\u00e1ticos y a su vez aumentar el nivel de confianza de las empresas y de los usuarios en las redes telem\u00e1ticas. Se puede colaborar con nosotros:<\/p><ul><li>Prescribiendo nuestros servicios<\/li><li>Reportando incidentes<\/li><li>Constituyendo equipos de Respuesta a Incidentes<\/li><li>Contratando nuestros servicios<\/li><li>Colaborando en la divulgaci\u00f3n de la Seguridad Inform\u00e1tica<\/li><li>Patrocinando la coordinaci\u00f3n de incidentes<\/li><\/ul><p>En el \u00e1mbito internacional, esCERT-UPC participa en el <a href=\"http:\/\/www.first.org\/members\/teams\/escert-upc\/\">FIRST<\/a>, principal foro de coordinaci\u00f3n de los diferentes CERTs de todo el mundo, as\u00ed como con <a href=\"http:\/\/www.terena.org\/\">TERENA<\/a>, m\u00e1s centrada a nivel europeo. Tambi\u00e9n es miembro de TF-CSIRT (Task Force-Collaboration of Incident Response Teams) y junto con otros equipos de seguridad como los de las compa\u00f1\u00edas Telia o British Telecom cuenta con el LEVEL 2.<\/p><p>A nivel nacional, esCERT-UPC forma parte de <a href=\"http:\/\/www.csirt.es\/\">CSIRT-ES<\/a>, grupo de colaboraci\u00f3n entre los equipos de seguridad espa\u00f1oles En la misma l\u00ednea, participa en el <a href=\"http:\/\/www.rediris.es\/actividades\/abuses\/\">Foro ABUSES<\/a>, formado por un grupo de colaboraci\u00f3n entre los equipos que gestionan incidentes de abuse de operadores espa\u00f1oles<\/p><p>esCERT-UPC colabor\u00f3 tambi\u00e9n con entidades nacionales como el <a href=\"http:\/\/www.seguretat.org\/\">\u201cInstitut d&#8217;Estudis de Seguretat\u201d (IES)<\/a>, organizaci\u00f3n dedicada a estimular y difundir desde una perspectiva transdisciplinar las problem\u00e1ticas sociales bajo el \u00e1mbito conceptual de la seguridad.<\/p><p>esCERT-UPC particip\u00f3 en la iniciativa <a href=\"http:\/\/www.osi.es\/isecureinternet\">\u00abI secure Internet\u00bb<\/a>, en colaboraci\u00f3n con INCIBE (el anterior INTECO) y otros grupos dedicados a la seguridad inform\u00e1tica, con el prop\u00f3sito de incentivar una navegaci\u00f3n segura por Internet para todos.<\/p><\/div><\/div><\/div>\t\t\t\t\t\t\t\t<\/div>\n\t\t\t\t\t<\/div>\n\t\t\t\t<\/div>\n\t\t\t\t<\/div>\n\t\t","protected":false},"excerpt":{"rendered":"<p>\u00bfQu\u00e9 es esCERT? A principios de la d\u00e9cada de los noventa surge en Europa una iniciativa dispuesta a crear Equipos de Respuestas a Incidentes de Seguridad en Ordenadores. Gracias al apoyo del programa t\u00e9cnico TERENA se empiezan a crear CSIRT europeos, es entonces cuando se crea, concretamente a finales de 1994, esCERT-UPC (Equipo de Seguridad [&hellip;]<\/p>\n","protected":false},"author":3,"featured_media":0,"parent":459,"menu_order":0,"comment_status":"closed","ping_status":"closed","template":"","meta":{"footnotes":""},"class_list":["post-461","page","type-page","status-publish","hentry"],"blocksy_meta":[],"_links":{"self":[{"href":"https:\/\/escert.upc.edu\/es\/wp-json\/wp\/v2\/pages\/461","targetHints":{"allow":["GET"]}}],"collection":[{"href":"https:\/\/escert.upc.edu\/es\/wp-json\/wp\/v2\/pages"}],"about":[{"href":"https:\/\/escert.upc.edu\/es\/wp-json\/wp\/v2\/types\/page"}],"author":[{"embeddable":true,"href":"https:\/\/escert.upc.edu\/es\/wp-json\/wp\/v2\/users\/3"}],"replies":[{"embeddable":true,"href":"https:\/\/escert.upc.edu\/es\/wp-json\/wp\/v2\/comments?post=461"}],"version-history":[{"count":1,"href":"https:\/\/escert.upc.edu\/es\/wp-json\/wp\/v2\/pages\/461\/revisions"}],"predecessor-version":[{"id":462,"href":"https:\/\/escert.upc.edu\/es\/wp-json\/wp\/v2\/pages\/461\/revisions\/462"}],"up":[{"embeddable":true,"href":"https:\/\/escert.upc.edu\/es\/wp-json\/wp\/v2\/pages\/459"}],"wp:attachment":[{"href":"https:\/\/escert.upc.edu\/es\/wp-json\/wp\/v2\/media?parent=461"}],"curies":[{"name":"wp","href":"https:\/\/api.w.org\/{rel}","templated":true}]}}