{"id":501,"date":"2025-06-10T10:36:55","date_gmt":"2025-06-10T08:36:55","guid":{"rendered":"https:\/\/escert.upc.edu\/sobre-esta-web\/"},"modified":"2025-06-17T11:25:27","modified_gmt":"2025-06-17T09:25:27","slug":"sobre-esta-web","status":"publish","type":"page","link":"https:\/\/escert.upc.edu\/es\/sobre-esta-web\/","title":{"rendered":"Sobre esta web"},"content":{"rendered":"\t\t<div data-elementor-type=\"wp-page\" data-elementor-id=\"501\" class=\"elementor elementor-501 elementor-487\" data-elementor-post-type=\"page\">\n\t\t\t\t<div class=\"elementor-element elementor-element-93e53a7 e-flex e-con-boxed e-con e-parent\" data-id=\"93e53a7\" data-element_type=\"container\" data-e-type=\"container\" data-settings=\"{&quot;background_background&quot;:&quot;classic&quot;}\">\n\t\t\t\t\t<div class=\"e-con-inner\">\n\t\t\t\t<div class=\"elementor-element elementor-element-af6b8ef elementor-widget elementor-widget-heading\" data-id=\"af6b8ef\" data-element_type=\"widget\" data-e-type=\"widget\" data-widget_type=\"heading.default\">\n\t\t\t\t\t<h1 class=\"elementor-heading-title elementor-size-default\">Sobre esta web<\/h1>\t\t\t\t<\/div>\n\t\t\t\t\t<\/div>\n\t\t\t\t<\/div>\n\t\t<div class=\"elementor-element elementor-element-5ea026b e-flex e-con-boxed e-con e-parent\" data-id=\"5ea026b\" data-element_type=\"container\" data-e-type=\"container\">\n\t\t\t\t\t<div class=\"e-con-inner\">\n\t\t\t\t<div class=\"elementor-element elementor-element-0110a9e elementor-widget elementor-widget-text-editor\" data-id=\"0110a9e\" data-element_type=\"widget\" data-e-type=\"widget\" data-widget_type=\"text-editor.default\">\n\t\t\t\t\t\t\t\t\t<div class=\"field field-name-body field-type-text-with-summary field-label-hidden\"><div class=\"field-items\"><div class=\"field-item even\"><p>En cumplimiento de lo previsto por la Ley 34\/2002, de 11 de julio, de servicios de la sociedad de la informaci\u00f3n y de comercio electr\u00f3nico, as\u00ed como por otras normas de legal aplicaci\u00f3n, se ponen en conocimiento de los usuarios de la web escert.upc.edu los siguientes datos de informaci\u00f3n general:<\/p><ul><li>Este portal constituye el sitio oficial en Internet del esCERT-inLab FIB de la Universitat Polit\u00e8cnica de Catalunya \u00b7 BarcelonaTech (UPC).<\/li><li>Ha sido creado y es mantenido a instancias del inLab FIB UPC, que es su propietaria, as\u00ed como de aquellos nombres de dominio que conducen a \u00e9l.<\/li><li>La UPC est\u00e1 provista del CIF n. Q-08.18003F. <\/li><li>La sede de la UPC se encuentra en:<br>Jordi Girona, 31<br>08034 Barcelona<br>ESPA\u00d1A<\/li><li>Los usuarios de este portal pueden establecer comunicaci\u00f3n directa y efectiva con inLab FIB mediante un escrito remitido a su domicilio social, indicado en el punto 4 esta informaci\u00f3n general. Tambi\u00e9n pueden ponerse en contacto con ella utilizando cualquiera de los siguientes medios:<br>Telf.: +34 93 401 69 41<br>Direcci\u00f3n electr\u00f3nica: inlab@fib.upc.edu <\/li><\/ul><\/div><\/div><\/div>\t\t\t\t\t\t\t\t<\/div>\n\t\t\t\t\t<\/div>\n\t\t\t\t<\/div>\n\t\t\t\t<\/div>\n\t\t","protected":false},"excerpt":{"rendered":"<p>Sobre esta web En cumplimiento de lo previsto por la Ley 34\/2002, de 11 de julio, de servicios de la sociedad de la informaci\u00f3n y de comercio electr\u00f3nico, as\u00ed como por otras normas de legal aplicaci\u00f3n, se ponen en conocimiento de los usuarios de la web escert.upc.edu los siguientes datos de informaci\u00f3n general: Este portal [&hellip;]<\/p>\n","protected":false},"author":2,"featured_media":0,"parent":0,"menu_order":0,"comment_status":"closed","ping_status":"closed","template":"","meta":{"footnotes":""},"class_list":["post-501","page","type-page","status-publish","hentry"],"blocksy_meta":[],"_links":{"self":[{"href":"https:\/\/escert.upc.edu\/es\/wp-json\/wp\/v2\/pages\/501","targetHints":{"allow":["GET"]}}],"collection":[{"href":"https:\/\/escert.upc.edu\/es\/wp-json\/wp\/v2\/pages"}],"about":[{"href":"https:\/\/escert.upc.edu\/es\/wp-json\/wp\/v2\/types\/page"}],"author":[{"embeddable":true,"href":"https:\/\/escert.upc.edu\/es\/wp-json\/wp\/v2\/users\/2"}],"replies":[{"embeddable":true,"href":"https:\/\/escert.upc.edu\/es\/wp-json\/wp\/v2\/comments?post=501"}],"version-history":[{"count":1,"href":"https:\/\/escert.upc.edu\/es\/wp-json\/wp\/v2\/pages\/501\/revisions"}],"predecessor-version":[{"id":502,"href":"https:\/\/escert.upc.edu\/es\/wp-json\/wp\/v2\/pages\/501\/revisions\/502"}],"wp:attachment":[{"href":"https:\/\/escert.upc.edu\/es\/wp-json\/wp\/v2\/media?parent=501"}],"curies":[{"name":"wp","href":"https:\/\/api.w.org\/{rel}","templated":true}]}}